{"id":3203,"date":"2024-10-28T11:20:21","date_gmt":"2024-10-28T08:20:21","guid":{"rendered":"https:\/\/goldenfield-dz.com\/product\/eskimo-f1\/"},"modified":"2025-03-11T17:24:42","modified_gmt":"2025-03-11T14:24:42","slug":"eskimo-f1","status":"publish","type":"product","link":"https:\/\/goldenfield-dz.com\/fr\/produit\/eskimo-f1\/","title":{"rendered":"ESKIMO F1"},"content":{"rendered":"","protected":false},"excerpt":{"rendered":"<p>1. Excellente couverture et haute qualit\u00e9 des t\u00e9t\u00e9s.<\/p>\n<p>2. Chou-fleur tardive pour la production de fin d\u2019automne-hiver.<\/p>\n<p>3. La plante est vigoureuse, de taille moyenne, de couleur vert moyen.<\/p>\n<p>4. Les feuilles tr\u00e8s denses couvrent bien, prot\u00e9geant ainsi la t\u00eate tr\u00e8s bien jusqu&rsquo;\u00e0 la r\u00e9colte. elles sont assez \u00e9paisses et r\u00e9sistent bien au gel.<\/p>\n<p>5. Cycle d\u2019environ de 90 \u00e0 110 jours apr\u00e8s la plantation.<\/p>\n<p>6. Les pommes sont bien blanches et compacts de poids moyen de 2.2 \u00e0 2.5 kg, en forme de d\u00f4me.<\/p>\n","protected":false},"featured_media":2921,"comment_status":"open","ping_status":"closed","template":"","meta":[],"product_brand":[],"product_cat":[414,408,407],"product_tag":[],"class_list":{"0":"post-3203","1":"product","2":"type-product","3":"status-publish","4":"has-post-thumbnail","6":"product_cat-chou-fleur","7":"product_cat-cultures-maraicheres","8":"product_cat-semence","10":"first","11":"instock","12":"shipping-taxable","13":"product-type-simple"},"yoast_head":"<!-- This site is optimized with the Yoast SEO plugin v26.3 - https:\/\/yoast.com\/wordpress\/plugins\/seo\/ -->\n<title>ESKIMO F1 - GOLDEN FIELD<\/title>\n<meta name=\"robots\" content=\"index, follow, max-snippet:-1, max-image-preview:large, max-video-preview:-1\" \/>\n<link rel=\"canonical\" href=\"https:\/\/goldenfield-dz.com\/fr\/produit\/eskimo-f1\/\" \/>\n<meta property=\"og:locale\" content=\"fr_FR\" \/>\n<meta property=\"og:type\" content=\"article\" \/>\n<meta property=\"og:title\" content=\"ESKIMO F1 - GOLDEN FIELD\" \/>\n<meta property=\"og:description\" content=\"1. Excellente couverture et haute qualit\u00e9 des t\u00e9t\u00e9s.  2. Chou-fleur tardive pour la production de fin d\u2019automne-hiver.  3. La plante est vigoureuse, de taille moyenne, de couleur vert moyen.  4. Les feuilles tr\u00e8s denses couvrent bien, prot\u00e9geant ainsi la t\u00eate tr\u00e8s bien jusqu&#039;\u00e0 la r\u00e9colte. elles sont assez \u00e9paisses et r\u00e9sistent bien au gel.  5. Cycle d\u2019environ de 90 \u00e0 110 jours apr\u00e8s la plantation.  6. Les pommes sont bien blanches et compacts de poids moyen de 2.2 \u00e0 2.5 kg, en forme de d\u00f4me.\" \/>\n<meta property=\"og:url\" content=\"https:\/\/goldenfield-dz.com\/fr\/produit\/eskimo-f1\/\" \/>\n<meta property=\"og:site_name\" content=\"GOLDEN FIELD\" \/>\n<meta property=\"article:publisher\" content=\"https:\/\/www.facebook.com\/p\/Golden-Field-100057231948438\/\" \/>\n<meta property=\"article:modified_time\" content=\"2025-03-11T14:24:42+00:00\" \/>\n<meta property=\"og:image\" content=\"https:\/\/goldenfield-dz.com\/wp-content\/uploads\/2024\/10\/Golden-Template-15.webp\" \/>\n\t<meta property=\"og:image:width\" content=\"500\" \/>\n\t<meta property=\"og:image:height\" content=\"500\" \/>\n\t<meta property=\"og:image:type\" content=\"image\/webp\" \/>\n<meta name=\"twitter:card\" content=\"summary_large_image\" \/>\n<script type=\"application\/ld+json\" class=\"yoast-schema-graph\">{\"@context\":\"https:\/\/schema.org\",\"@graph\":[{\"@type\":\"WebPage\",\"@id\":\"https:\/\/goldenfield-dz.com\/fr\/produit\/eskimo-f1\/\",\"url\":\"https:\/\/goldenfield-dz.com\/fr\/produit\/eskimo-f1\/\",\"name\":\"ESKIMO F1 - GOLDEN FIELD\",\"isPartOf\":{\"@id\":\"https:\/\/goldenfield-dz.com\/#website\"},\"primaryImageOfPage\":{\"@id\":\"https:\/\/goldenfield-dz.com\/fr\/produit\/eskimo-f1\/#primaryimage\"},\"image\":{\"@id\":\"https:\/\/goldenfield-dz.com\/fr\/produit\/eskimo-f1\/#primaryimage\"},\"thumbnailUrl\":\"https:\/\/goldenfield-dz.com\/wp-content\/uploads\/2024\/10\/Golden-Template-15.webp\",\"datePublished\":\"2024-10-28T08:20:21+00:00\",\"dateModified\":\"2025-03-11T14:24:42+00:00\",\"breadcrumb\":{\"@id\":\"https:\/\/goldenfield-dz.com\/fr\/produit\/eskimo-f1\/#breadcrumb\"},\"inLanguage\":\"fr-FR\",\"potentialAction\":[{\"@type\":\"ReadAction\",\"target\":[\"https:\/\/goldenfield-dz.com\/fr\/produit\/eskimo-f1\/\"]}]},{\"@type\":\"ImageObject\",\"inLanguage\":\"fr-FR\",\"@id\":\"https:\/\/goldenfield-dz.com\/fr\/produit\/eskimo-f1\/#primaryimage\",\"url\":\"https:\/\/goldenfield-dz.com\/wp-content\/uploads\/2024\/10\/Golden-Template-15.webp\",\"contentUrl\":\"https:\/\/goldenfield-dz.com\/wp-content\/uploads\/2024\/10\/Golden-Template-15.webp\",\"width\":500,\"height\":500},{\"@type\":\"BreadcrumbList\",\"@id\":\"https:\/\/goldenfield-dz.com\/fr\/produit\/eskimo-f1\/#breadcrumb\",\"itemListElement\":[{\"@type\":\"ListItem\",\"position\":1,\"name\":\"Home\",\"item\":\"https:\/\/goldenfield-dz.com\/\"},{\"@type\":\"ListItem\",\"position\":2,\"name\":\"Boutique Golden Field\",\"item\":\"https:\/\/goldenfield-dz.com\/fr\/boutique-golden-field\/\"},{\"@type\":\"ListItem\",\"position\":3,\"name\":\"ESKIMO F1\"}]},{\"@type\":\"WebSite\",\"@id\":\"https:\/\/goldenfield-dz.com\/#website\",\"url\":\"https:\/\/goldenfield-dz.com\/\",\"name\":\"Golden Field\",\"description\":\"WE THINK SEEDS\",\"publisher\":{\"@id\":\"https:\/\/goldenfield-dz.com\/#organization\"},\"potentialAction\":[{\"@type\":\"SearchAction\",\"target\":{\"@type\":\"EntryPoint\",\"urlTemplate\":\"https:\/\/goldenfield-dz.com\/?s={search_term_string}\"},\"query-input\":{\"@type\":\"PropertyValueSpecification\",\"valueRequired\":true,\"valueName\":\"search_term_string\"}}],\"inLanguage\":\"fr-FR\"},{\"@type\":\"Organization\",\"@id\":\"https:\/\/goldenfield-dz.com\/#organization\",\"name\":\"Golden Field\",\"url\":\"https:\/\/goldenfield-dz.com\/\",\"logo\":{\"@type\":\"ImageObject\",\"inLanguage\":\"fr-FR\",\"@id\":\"https:\/\/goldenfield-dz.com\/#\/schema\/logo\/image\/\",\"url\":\"https:\/\/i0.wp.com\/brilliantartjo.com\/golden\/wp-content\/uploads\/2024\/07\/Golden-Field-Algeria-Logo-11.png?fit=192%2C43&ssl=1\",\"contentUrl\":\"https:\/\/i0.wp.com\/brilliantartjo.com\/golden\/wp-content\/uploads\/2024\/07\/Golden-Field-Algeria-Logo-11.png?fit=192%2C43&ssl=1\",\"width\":192,\"height\":43,\"caption\":\"Golden Field\"},\"image\":{\"@id\":\"https:\/\/goldenfield-dz.com\/#\/schema\/logo\/image\/\"},\"sameAs\":[\"https:\/\/www.facebook.com\/p\/Golden-Field-100057231948438\/\"]}]}<\/script>\n<!-- \/ Yoast SEO plugin. -->","yoast_head_json":{"title":"ESKIMO F1 - GOLDEN FIELD","robots":{"index":"index","follow":"follow","max-snippet":"max-snippet:-1","max-image-preview":"max-image-preview:large","max-video-preview":"max-video-preview:-1"},"canonical":"https:\/\/goldenfield-dz.com\/fr\/produit\/eskimo-f1\/","og_locale":"fr_FR","og_type":"article","og_title":"ESKIMO F1 - GOLDEN FIELD","og_description":"1. Excellente couverture et haute qualit\u00e9 des t\u00e9t\u00e9s.  2. Chou-fleur tardive pour la production de fin d\u2019automne-hiver.  3. La plante est vigoureuse, de taille moyenne, de couleur vert moyen.  4. Les feuilles tr\u00e8s denses couvrent bien, prot\u00e9geant ainsi la t\u00eate tr\u00e8s bien jusqu'\u00e0 la r\u00e9colte. elles sont assez \u00e9paisses et r\u00e9sistent bien au gel.  5. Cycle d\u2019environ de 90 \u00e0 110 jours apr\u00e8s la plantation.  6. Les pommes sont bien blanches et compacts de poids moyen de 2.2 \u00e0 2.5 kg, en forme de d\u00f4me.","og_url":"https:\/\/goldenfield-dz.com\/fr\/produit\/eskimo-f1\/","og_site_name":"GOLDEN FIELD","article_publisher":"https:\/\/www.facebook.com\/p\/Golden-Field-100057231948438\/","article_modified_time":"2025-03-11T14:24:42+00:00","og_image":[{"width":500,"height":500,"url":"https:\/\/goldenfield-dz.com\/wp-content\/uploads\/2024\/10\/Golden-Template-15.webp","type":"image\/webp"}],"twitter_card":"summary_large_image","schema":{"@context":"https:\/\/schema.org","@graph":[{"@type":"WebPage","@id":"https:\/\/goldenfield-dz.com\/fr\/produit\/eskimo-f1\/","url":"https:\/\/goldenfield-dz.com\/fr\/produit\/eskimo-f1\/","name":"ESKIMO F1 - GOLDEN FIELD","isPartOf":{"@id":"https:\/\/goldenfield-dz.com\/#website"},"primaryImageOfPage":{"@id":"https:\/\/goldenfield-dz.com\/fr\/produit\/eskimo-f1\/#primaryimage"},"image":{"@id":"https:\/\/goldenfield-dz.com\/fr\/produit\/eskimo-f1\/#primaryimage"},"thumbnailUrl":"https:\/\/goldenfield-dz.com\/wp-content\/uploads\/2024\/10\/Golden-Template-15.webp","datePublished":"2024-10-28T08:20:21+00:00","dateModified":"2025-03-11T14:24:42+00:00","breadcrumb":{"@id":"https:\/\/goldenfield-dz.com\/fr\/produit\/eskimo-f1\/#breadcrumb"},"inLanguage":"fr-FR","potentialAction":[{"@type":"ReadAction","target":["https:\/\/goldenfield-dz.com\/fr\/produit\/eskimo-f1\/"]}]},{"@type":"ImageObject","inLanguage":"fr-FR","@id":"https:\/\/goldenfield-dz.com\/fr\/produit\/eskimo-f1\/#primaryimage","url":"https:\/\/goldenfield-dz.com\/wp-content\/uploads\/2024\/10\/Golden-Template-15.webp","contentUrl":"https:\/\/goldenfield-dz.com\/wp-content\/uploads\/2024\/10\/Golden-Template-15.webp","width":500,"height":500},{"@type":"BreadcrumbList","@id":"https:\/\/goldenfield-dz.com\/fr\/produit\/eskimo-f1\/#breadcrumb","itemListElement":[{"@type":"ListItem","position":1,"name":"Home","item":"https:\/\/goldenfield-dz.com\/"},{"@type":"ListItem","position":2,"name":"Boutique Golden Field","item":"https:\/\/goldenfield-dz.com\/fr\/boutique-golden-field\/"},{"@type":"ListItem","position":3,"name":"ESKIMO F1"}]},{"@type":"WebSite","@id":"https:\/\/goldenfield-dz.com\/#website","url":"https:\/\/goldenfield-dz.com\/","name":"Golden Field","description":"WE THINK SEEDS","publisher":{"@id":"https:\/\/goldenfield-dz.com\/#organization"},"potentialAction":[{"@type":"SearchAction","target":{"@type":"EntryPoint","urlTemplate":"https:\/\/goldenfield-dz.com\/?s={search_term_string}"},"query-input":{"@type":"PropertyValueSpecification","valueRequired":true,"valueName":"search_term_string"}}],"inLanguage":"fr-FR"},{"@type":"Organization","@id":"https:\/\/goldenfield-dz.com\/#organization","name":"Golden Field","url":"https:\/\/goldenfield-dz.com\/","logo":{"@type":"ImageObject","inLanguage":"fr-FR","@id":"https:\/\/goldenfield-dz.com\/#\/schema\/logo\/image\/","url":"https:\/\/i0.wp.com\/brilliantartjo.com\/golden\/wp-content\/uploads\/2024\/07\/Golden-Field-Algeria-Logo-11.png?fit=192%2C43&ssl=1","contentUrl":"https:\/\/i0.wp.com\/brilliantartjo.com\/golden\/wp-content\/uploads\/2024\/07\/Golden-Field-Algeria-Logo-11.png?fit=192%2C43&ssl=1","width":192,"height":43,"caption":"Golden Field"},"image":{"@id":"https:\/\/goldenfield-dz.com\/#\/schema\/logo\/image\/"},"sameAs":["https:\/\/www.facebook.com\/p\/Golden-Field-100057231948438\/"]}]}},"_links":{"self":[{"href":"https:\/\/goldenfield-dz.com\/fr\/wp-json\/wp\/v2\/product\/3203","targetHints":{"allow":["GET"]}}],"collection":[{"href":"https:\/\/goldenfield-dz.com\/fr\/wp-json\/wp\/v2\/product"}],"about":[{"href":"https:\/\/goldenfield-dz.com\/fr\/wp-json\/wp\/v2\/types\/product"}],"replies":[{"embeddable":true,"href":"https:\/\/goldenfield-dz.com\/fr\/wp-json\/wp\/v2\/comments?post=3203"}],"version-history":[{"count":1,"href":"https:\/\/goldenfield-dz.com\/fr\/wp-json\/wp\/v2\/product\/3203\/revisions"}],"predecessor-version":[{"id":5135,"href":"https:\/\/goldenfield-dz.com\/fr\/wp-json\/wp\/v2\/product\/3203\/revisions\/5135"}],"wp:featuredmedia":[{"embeddable":true,"href":"https:\/\/goldenfield-dz.com\/fr\/wp-json\/wp\/v2\/media\/2921"}],"wp:attachment":[{"href":"https:\/\/goldenfield-dz.com\/fr\/wp-json\/wp\/v2\/media?parent=3203"}],"wp:term":[{"taxonomy":"product_brand","embeddable":true,"href":"https:\/\/goldenfield-dz.com\/fr\/wp-json\/wp\/v2\/product_brand?post=3203"},{"taxonomy":"product_cat","embeddable":true,"href":"https:\/\/goldenfield-dz.com\/fr\/wp-json\/wp\/v2\/product_cat?post=3203"},{"taxonomy":"product_tag","embeddable":true,"href":"https:\/\/goldenfield-dz.com\/fr\/wp-json\/wp\/v2\/product_tag?post=3203"}],"curies":[{"name":"wp","href":"https:\/\/api.w.org\/{rel}","templated":true}]}}