{"id":3211,"date":"2024-10-27T13:05:35","date_gmt":"2024-10-27T10:05:35","guid":{"rendered":"https:\/\/goldenfield-dz.com\/product\/tintoritto\/"},"modified":"2025-03-10T21:22:47","modified_gmt":"2025-03-10T18:22:47","slug":"tintoritto","status":"publish","type":"product","link":"https:\/\/goldenfield-dz.com\/fr\/produit\/tintoritto\/","title":{"rendered":"TINTORITTO"},"content":{"rendered":"","protected":false},"excerpt":{"rendered":"<p>1. Haricot nain type borlotto.<\/p>\n<p>2. Les plants sont forts, vigoureux et pr\u00e9coces.<\/p>\n<p>3. Haricots r\u00e9niformes m\u00fbrissant apr\u00e8s 80 jours.<\/p>\n<p>4. Gousse rouge vif \u00e0 fond cr\u00e9meux et d&rsquo;une longueur d&rsquo;environ 18 cm, m\u00eame en mauvais temps.<\/p>\n<p>5. Chaque gousse contient 8\/9 f\u00e8ves ce qui est vraiment une particularit\u00e9 pour une vari\u00e9t\u00e9 de haricot nain.<\/p>\n<p>6. Vari\u00e9t\u00e9 adapt\u00e9e au plein champ et \u00e0 la culture sous abri, rendement \u00e9lev\u00e9. Bon pour le march\u00e9 frais.<\/p>\n<p>7. R\u00e9sistance : (HR) BCMV.<\/p>\n","protected":false},"featured_media":2699,"comment_status":"open","ping_status":"closed","template":"","meta":[],"product_brand":[],"product_cat":[434,435,407],"product_tag":[],"class_list":{"0":"post-3211","1":"product","2":"type-product","3":"status-publish","4":"has-post-thumbnail","6":"product_cat-grandes-cultures","7":"product_cat-haricot","8":"product_cat-semence","10":"first","11":"instock","12":"shipping-taxable","13":"product-type-simple"},"yoast_head":"<!-- This site is optimized with the Yoast SEO plugin v26.3 - https:\/\/yoast.com\/wordpress\/plugins\/seo\/ -->\n<title>TINTORITTO - GOLDEN FIELD<\/title>\n<meta name=\"robots\" content=\"index, follow, max-snippet:-1, max-image-preview:large, max-video-preview:-1\" \/>\n<link rel=\"canonical\" href=\"https:\/\/goldenfield-dz.com\/fr\/produit\/tintoritto\/\" \/>\n<meta property=\"og:locale\" content=\"fr_FR\" \/>\n<meta property=\"og:type\" content=\"article\" \/>\n<meta property=\"og:title\" content=\"TINTORITTO - GOLDEN FIELD\" \/>\n<meta property=\"og:description\" content=\"1. Haricot nain type borlotto.  2. Les plants sont forts, vigoureux et pr\u00e9coces.  3. Haricots r\u00e9niformes m\u00fbrissant apr\u00e8s 80 jours.  4. Gousse rouge vif \u00e0 fond cr\u00e9meux et d&#039;une longueur d&#039;environ 18 cm, m\u00eame en mauvais temps.  5. Chaque gousse contient 8\/9 f\u00e8ves ce qui est vraiment une particularit\u00e9 pour une vari\u00e9t\u00e9 de haricot nain.  6. Vari\u00e9t\u00e9 adapt\u00e9e au plein champ et \u00e0 la culture sous abri, rendement \u00e9lev\u00e9. Bon pour le march\u00e9 frais.  7. R\u00e9sistance : (HR) BCMV.\" \/>\n<meta property=\"og:url\" content=\"https:\/\/goldenfield-dz.com\/fr\/produit\/tintoritto\/\" \/>\n<meta property=\"og:site_name\" content=\"GOLDEN FIELD\" \/>\n<meta property=\"article:publisher\" content=\"https:\/\/www.facebook.com\/p\/Golden-Field-100057231948438\/\" \/>\n<meta property=\"article:modified_time\" content=\"2025-03-10T18:22:47+00:00\" \/>\n<meta property=\"og:image\" content=\"https:\/\/goldenfield-dz.com\/wp-content\/uploads\/2024\/10\/Golden-Field-18.webp\" \/>\n\t<meta property=\"og:image:width\" content=\"500\" \/>\n\t<meta property=\"og:image:height\" content=\"500\" \/>\n\t<meta property=\"og:image:type\" content=\"image\/webp\" \/>\n<meta name=\"twitter:card\" content=\"summary_large_image\" \/>\n<script type=\"application\/ld+json\" class=\"yoast-schema-graph\">{\"@context\":\"https:\/\/schema.org\",\"@graph\":[{\"@type\":\"WebPage\",\"@id\":\"https:\/\/goldenfield-dz.com\/fr\/produit\/tintoritto\/\",\"url\":\"https:\/\/goldenfield-dz.com\/fr\/produit\/tintoritto\/\",\"name\":\"TINTORITTO - GOLDEN FIELD\",\"isPartOf\":{\"@id\":\"https:\/\/goldenfield-dz.com\/#website\"},\"primaryImageOfPage\":{\"@id\":\"https:\/\/goldenfield-dz.com\/fr\/produit\/tintoritto\/#primaryimage\"},\"image\":{\"@id\":\"https:\/\/goldenfield-dz.com\/fr\/produit\/tintoritto\/#primaryimage\"},\"thumbnailUrl\":\"https:\/\/goldenfield-dz.com\/wp-content\/uploads\/2024\/10\/Golden-Field-18.webp\",\"datePublished\":\"2024-10-27T10:05:35+00:00\",\"dateModified\":\"2025-03-10T18:22:47+00:00\",\"breadcrumb\":{\"@id\":\"https:\/\/goldenfield-dz.com\/fr\/produit\/tintoritto\/#breadcrumb\"},\"inLanguage\":\"fr-FR\",\"potentialAction\":[{\"@type\":\"ReadAction\",\"target\":[\"https:\/\/goldenfield-dz.com\/fr\/produit\/tintoritto\/\"]}]},{\"@type\":\"ImageObject\",\"inLanguage\":\"fr-FR\",\"@id\":\"https:\/\/goldenfield-dz.com\/fr\/produit\/tintoritto\/#primaryimage\",\"url\":\"https:\/\/goldenfield-dz.com\/wp-content\/uploads\/2024\/10\/Golden-Field-18.webp\",\"contentUrl\":\"https:\/\/goldenfield-dz.com\/wp-content\/uploads\/2024\/10\/Golden-Field-18.webp\",\"width\":500,\"height\":500},{\"@type\":\"BreadcrumbList\",\"@id\":\"https:\/\/goldenfield-dz.com\/fr\/produit\/tintoritto\/#breadcrumb\",\"itemListElement\":[{\"@type\":\"ListItem\",\"position\":1,\"name\":\"Home\",\"item\":\"https:\/\/goldenfield-dz.com\/\"},{\"@type\":\"ListItem\",\"position\":2,\"name\":\"Boutique Golden Field\",\"item\":\"https:\/\/goldenfield-dz.com\/fr\/boutique-golden-field\/\"},{\"@type\":\"ListItem\",\"position\":3,\"name\":\"TINTORITTO\"}]},{\"@type\":\"WebSite\",\"@id\":\"https:\/\/goldenfield-dz.com\/#website\",\"url\":\"https:\/\/goldenfield-dz.com\/\",\"name\":\"Golden Field\",\"description\":\"WE THINK SEEDS\",\"publisher\":{\"@id\":\"https:\/\/goldenfield-dz.com\/#organization\"},\"potentialAction\":[{\"@type\":\"SearchAction\",\"target\":{\"@type\":\"EntryPoint\",\"urlTemplate\":\"https:\/\/goldenfield-dz.com\/?s={search_term_string}\"},\"query-input\":{\"@type\":\"PropertyValueSpecification\",\"valueRequired\":true,\"valueName\":\"search_term_string\"}}],\"inLanguage\":\"fr-FR\"},{\"@type\":\"Organization\",\"@id\":\"https:\/\/goldenfield-dz.com\/#organization\",\"name\":\"Golden Field\",\"url\":\"https:\/\/goldenfield-dz.com\/\",\"logo\":{\"@type\":\"ImageObject\",\"inLanguage\":\"fr-FR\",\"@id\":\"https:\/\/goldenfield-dz.com\/#\/schema\/logo\/image\/\",\"url\":\"https:\/\/i0.wp.com\/brilliantartjo.com\/golden\/wp-content\/uploads\/2024\/07\/Golden-Field-Algeria-Logo-11.png?fit=192%2C43&ssl=1\",\"contentUrl\":\"https:\/\/i0.wp.com\/brilliantartjo.com\/golden\/wp-content\/uploads\/2024\/07\/Golden-Field-Algeria-Logo-11.png?fit=192%2C43&ssl=1\",\"width\":192,\"height\":43,\"caption\":\"Golden Field\"},\"image\":{\"@id\":\"https:\/\/goldenfield-dz.com\/#\/schema\/logo\/image\/\"},\"sameAs\":[\"https:\/\/www.facebook.com\/p\/Golden-Field-100057231948438\/\"]}]}<\/script>\n<!-- \/ Yoast SEO plugin. -->","yoast_head_json":{"title":"TINTORITTO - GOLDEN FIELD","robots":{"index":"index","follow":"follow","max-snippet":"max-snippet:-1","max-image-preview":"max-image-preview:large","max-video-preview":"max-video-preview:-1"},"canonical":"https:\/\/goldenfield-dz.com\/fr\/produit\/tintoritto\/","og_locale":"fr_FR","og_type":"article","og_title":"TINTORITTO - GOLDEN FIELD","og_description":"1. Haricot nain type borlotto.  2. Les plants sont forts, vigoureux et pr\u00e9coces.  3. Haricots r\u00e9niformes m\u00fbrissant apr\u00e8s 80 jours.  4. Gousse rouge vif \u00e0 fond cr\u00e9meux et d'une longueur d'environ 18 cm, m\u00eame en mauvais temps.  5. Chaque gousse contient 8\/9 f\u00e8ves ce qui est vraiment une particularit\u00e9 pour une vari\u00e9t\u00e9 de haricot nain.  6. Vari\u00e9t\u00e9 adapt\u00e9e au plein champ et \u00e0 la culture sous abri, rendement \u00e9lev\u00e9. Bon pour le march\u00e9 frais.  7. R\u00e9sistance : (HR) BCMV.","og_url":"https:\/\/goldenfield-dz.com\/fr\/produit\/tintoritto\/","og_site_name":"GOLDEN FIELD","article_publisher":"https:\/\/www.facebook.com\/p\/Golden-Field-100057231948438\/","article_modified_time":"2025-03-10T18:22:47+00:00","og_image":[{"width":500,"height":500,"url":"https:\/\/goldenfield-dz.com\/wp-content\/uploads\/2024\/10\/Golden-Field-18.webp","type":"image\/webp"}],"twitter_card":"summary_large_image","schema":{"@context":"https:\/\/schema.org","@graph":[{"@type":"WebPage","@id":"https:\/\/goldenfield-dz.com\/fr\/produit\/tintoritto\/","url":"https:\/\/goldenfield-dz.com\/fr\/produit\/tintoritto\/","name":"TINTORITTO - GOLDEN FIELD","isPartOf":{"@id":"https:\/\/goldenfield-dz.com\/#website"},"primaryImageOfPage":{"@id":"https:\/\/goldenfield-dz.com\/fr\/produit\/tintoritto\/#primaryimage"},"image":{"@id":"https:\/\/goldenfield-dz.com\/fr\/produit\/tintoritto\/#primaryimage"},"thumbnailUrl":"https:\/\/goldenfield-dz.com\/wp-content\/uploads\/2024\/10\/Golden-Field-18.webp","datePublished":"2024-10-27T10:05:35+00:00","dateModified":"2025-03-10T18:22:47+00:00","breadcrumb":{"@id":"https:\/\/goldenfield-dz.com\/fr\/produit\/tintoritto\/#breadcrumb"},"inLanguage":"fr-FR","potentialAction":[{"@type":"ReadAction","target":["https:\/\/goldenfield-dz.com\/fr\/produit\/tintoritto\/"]}]},{"@type":"ImageObject","inLanguage":"fr-FR","@id":"https:\/\/goldenfield-dz.com\/fr\/produit\/tintoritto\/#primaryimage","url":"https:\/\/goldenfield-dz.com\/wp-content\/uploads\/2024\/10\/Golden-Field-18.webp","contentUrl":"https:\/\/goldenfield-dz.com\/wp-content\/uploads\/2024\/10\/Golden-Field-18.webp","width":500,"height":500},{"@type":"BreadcrumbList","@id":"https:\/\/goldenfield-dz.com\/fr\/produit\/tintoritto\/#breadcrumb","itemListElement":[{"@type":"ListItem","position":1,"name":"Home","item":"https:\/\/goldenfield-dz.com\/"},{"@type":"ListItem","position":2,"name":"Boutique Golden Field","item":"https:\/\/goldenfield-dz.com\/fr\/boutique-golden-field\/"},{"@type":"ListItem","position":3,"name":"TINTORITTO"}]},{"@type":"WebSite","@id":"https:\/\/goldenfield-dz.com\/#website","url":"https:\/\/goldenfield-dz.com\/","name":"Golden Field","description":"WE THINK SEEDS","publisher":{"@id":"https:\/\/goldenfield-dz.com\/#organization"},"potentialAction":[{"@type":"SearchAction","target":{"@type":"EntryPoint","urlTemplate":"https:\/\/goldenfield-dz.com\/?s={search_term_string}"},"query-input":{"@type":"PropertyValueSpecification","valueRequired":true,"valueName":"search_term_string"}}],"inLanguage":"fr-FR"},{"@type":"Organization","@id":"https:\/\/goldenfield-dz.com\/#organization","name":"Golden Field","url":"https:\/\/goldenfield-dz.com\/","logo":{"@type":"ImageObject","inLanguage":"fr-FR","@id":"https:\/\/goldenfield-dz.com\/#\/schema\/logo\/image\/","url":"https:\/\/i0.wp.com\/brilliantartjo.com\/golden\/wp-content\/uploads\/2024\/07\/Golden-Field-Algeria-Logo-11.png?fit=192%2C43&ssl=1","contentUrl":"https:\/\/i0.wp.com\/brilliantartjo.com\/golden\/wp-content\/uploads\/2024\/07\/Golden-Field-Algeria-Logo-11.png?fit=192%2C43&ssl=1","width":192,"height":43,"caption":"Golden Field"},"image":{"@id":"https:\/\/goldenfield-dz.com\/#\/schema\/logo\/image\/"},"sameAs":["https:\/\/www.facebook.com\/p\/Golden-Field-100057231948438\/"]}]}},"_links":{"self":[{"href":"https:\/\/goldenfield-dz.com\/fr\/wp-json\/wp\/v2\/product\/3211","targetHints":{"allow":["GET"]}}],"collection":[{"href":"https:\/\/goldenfield-dz.com\/fr\/wp-json\/wp\/v2\/product"}],"about":[{"href":"https:\/\/goldenfield-dz.com\/fr\/wp-json\/wp\/v2\/types\/product"}],"replies":[{"embeddable":true,"href":"https:\/\/goldenfield-dz.com\/fr\/wp-json\/wp\/v2\/comments?post=3211"}],"version-history":[{"count":1,"href":"https:\/\/goldenfield-dz.com\/fr\/wp-json\/wp\/v2\/product\/3211\/revisions"}],"predecessor-version":[{"id":5048,"href":"https:\/\/goldenfield-dz.com\/fr\/wp-json\/wp\/v2\/product\/3211\/revisions\/5048"}],"wp:featuredmedia":[{"embeddable":true,"href":"https:\/\/goldenfield-dz.com\/fr\/wp-json\/wp\/v2\/media\/2699"}],"wp:attachment":[{"href":"https:\/\/goldenfield-dz.com\/fr\/wp-json\/wp\/v2\/media?parent=3211"}],"wp:term":[{"taxonomy":"product_brand","embeddable":true,"href":"https:\/\/goldenfield-dz.com\/fr\/wp-json\/wp\/v2\/product_brand?post=3211"},{"taxonomy":"product_cat","embeddable":true,"href":"https:\/\/goldenfield-dz.com\/fr\/wp-json\/wp\/v2\/product_cat?post=3211"},{"taxonomy":"product_tag","embeddable":true,"href":"https:\/\/goldenfield-dz.com\/fr\/wp-json\/wp\/v2\/product_tag?post=3211"}],"curies":[{"name":"wp","href":"https:\/\/api.w.org\/{rel}","templated":true}]}}