{"id":3224,"date":"2024-10-27T11:52:47","date_gmt":"2024-10-27T08:52:47","guid":{"rendered":"https:\/\/goldenfield-dz.com\/product\/namibia-f1\/"},"modified":"2025-03-10T21:06:29","modified_gmt":"2025-03-10T18:06:29","slug":"namibia-f1","status":"publish","type":"product","link":"https:\/\/goldenfield-dz.com\/fr\/produit\/namibia-f1\/","title":{"rendered":"NAMIBIA F1"},"content":{"rendered":"","protected":false},"excerpt":{"rendered":"<p>1. Vari\u00e9t\u00e9 pr\u00e9coce \u00e0 rendement tr\u00e8s \u00e9lev\u00e9.<\/p>\n<p>2. Longues racines cylindriques bien remplis et lisses.<\/p>\n<p>3. feuillage tr\u00e8s sain et fort peut r\u00e9sister \u00e0 des conditions s\u00e8ches et est \u00e9galement recommand\u00e9 pour la culture d&rsquo;\u00e9t\u00e9.<\/p>\n<p>4. Maturit\u00e9 environ 100 jours apr\u00e8s le semis. Long dur\u00e9e de stockage sous terre ou apr\u00e8s la r\u00e9colte, haute r\u00e9sistance aux maladies.<\/p>\n","protected":false},"featured_media":5036,"comment_status":"open","ping_status":"closed","template":"","meta":[],"product_brand":[],"product_cat":[439,408,407],"product_tag":[],"class_list":{"0":"post-3224","1":"product","2":"type-product","3":"status-publish","4":"has-post-thumbnail","6":"product_cat-carotte","7":"product_cat-cultures-maraicheres","8":"product_cat-semence","10":"first","11":"instock","12":"shipping-taxable","13":"product-type-simple"},"yoast_head":"<!-- This site is optimized with the Yoast SEO plugin v26.3 - https:\/\/yoast.com\/wordpress\/plugins\/seo\/ -->\n<title>NAMIBIA F1 - GOLDEN FIELD<\/title>\n<meta name=\"robots\" content=\"index, follow, max-snippet:-1, max-image-preview:large, max-video-preview:-1\" \/>\n<link rel=\"canonical\" href=\"https:\/\/goldenfield-dz.com\/fr\/produit\/namibia-f1\/\" \/>\n<meta property=\"og:locale\" content=\"fr_FR\" \/>\n<meta property=\"og:type\" content=\"article\" \/>\n<meta property=\"og:title\" content=\"NAMIBIA F1 - GOLDEN FIELD\" \/>\n<meta property=\"og:description\" content=\"1. Vari\u00e9t\u00e9 pr\u00e9coce \u00e0 rendement tr\u00e8s \u00e9lev\u00e9.  2. Longues racines cylindriques bien remplis et lisses.  3. feuillage tr\u00e8s sain et fort peut r\u00e9sister \u00e0 des conditions s\u00e8ches et est \u00e9galement recommand\u00e9 pour la culture d&#039;\u00e9t\u00e9.  4. Maturit\u00e9 environ 100 jours apr\u00e8s le semis. Long dur\u00e9e de stockage sous terre ou apr\u00e8s la r\u00e9colte, haute r\u00e9sistance aux maladies.\" \/>\n<meta property=\"og:url\" content=\"https:\/\/goldenfield-dz.com\/fr\/produit\/namibia-f1\/\" \/>\n<meta property=\"og:site_name\" content=\"GOLDEN FIELD\" \/>\n<meta property=\"article:publisher\" content=\"https:\/\/www.facebook.com\/p\/Golden-Field-100057231948438\/\" \/>\n<meta property=\"article:modified_time\" content=\"2025-03-10T18:06:29+00:00\" \/>\n<meta property=\"og:image\" content=\"https:\/\/goldenfield-dz.com\/wp-content\/uploads\/2024\/10\/imgg412030.webp\" \/>\n\t<meta property=\"og:image:width\" content=\"500\" \/>\n\t<meta property=\"og:image:height\" content=\"500\" \/>\n\t<meta property=\"og:image:type\" content=\"image\/webp\" \/>\n<meta name=\"twitter:card\" content=\"summary_large_image\" \/>\n<script type=\"application\/ld+json\" class=\"yoast-schema-graph\">{\"@context\":\"https:\/\/schema.org\",\"@graph\":[{\"@type\":\"WebPage\",\"@id\":\"https:\/\/goldenfield-dz.com\/fr\/produit\/namibia-f1\/\",\"url\":\"https:\/\/goldenfield-dz.com\/fr\/produit\/namibia-f1\/\",\"name\":\"NAMIBIA F1 - GOLDEN FIELD\",\"isPartOf\":{\"@id\":\"https:\/\/goldenfield-dz.com\/#website\"},\"primaryImageOfPage\":{\"@id\":\"https:\/\/goldenfield-dz.com\/fr\/produit\/namibia-f1\/#primaryimage\"},\"image\":{\"@id\":\"https:\/\/goldenfield-dz.com\/fr\/produit\/namibia-f1\/#primaryimage\"},\"thumbnailUrl\":\"https:\/\/goldenfield-dz.com\/wp-content\/uploads\/2024\/10\/imgg412030.webp\",\"datePublished\":\"2024-10-27T08:52:47+00:00\",\"dateModified\":\"2025-03-10T18:06:29+00:00\",\"breadcrumb\":{\"@id\":\"https:\/\/goldenfield-dz.com\/fr\/produit\/namibia-f1\/#breadcrumb\"},\"inLanguage\":\"fr-FR\",\"potentialAction\":[{\"@type\":\"ReadAction\",\"target\":[\"https:\/\/goldenfield-dz.com\/fr\/produit\/namibia-f1\/\"]}]},{\"@type\":\"ImageObject\",\"inLanguage\":\"fr-FR\",\"@id\":\"https:\/\/goldenfield-dz.com\/fr\/produit\/namibia-f1\/#primaryimage\",\"url\":\"https:\/\/goldenfield-dz.com\/wp-content\/uploads\/2024\/10\/imgg412030.webp\",\"contentUrl\":\"https:\/\/goldenfield-dz.com\/wp-content\/uploads\/2024\/10\/imgg412030.webp\",\"width\":500,\"height\":500},{\"@type\":\"BreadcrumbList\",\"@id\":\"https:\/\/goldenfield-dz.com\/fr\/produit\/namibia-f1\/#breadcrumb\",\"itemListElement\":[{\"@type\":\"ListItem\",\"position\":1,\"name\":\"Home\",\"item\":\"https:\/\/goldenfield-dz.com\/\"},{\"@type\":\"ListItem\",\"position\":2,\"name\":\"Boutique Golden Field\",\"item\":\"https:\/\/goldenfield-dz.com\/fr\/boutique-golden-field\/\"},{\"@type\":\"ListItem\",\"position\":3,\"name\":\"NAMIBIA F1\"}]},{\"@type\":\"WebSite\",\"@id\":\"https:\/\/goldenfield-dz.com\/#website\",\"url\":\"https:\/\/goldenfield-dz.com\/\",\"name\":\"Golden Field\",\"description\":\"WE THINK SEEDS\",\"publisher\":{\"@id\":\"https:\/\/goldenfield-dz.com\/#organization\"},\"potentialAction\":[{\"@type\":\"SearchAction\",\"target\":{\"@type\":\"EntryPoint\",\"urlTemplate\":\"https:\/\/goldenfield-dz.com\/?s={search_term_string}\"},\"query-input\":{\"@type\":\"PropertyValueSpecification\",\"valueRequired\":true,\"valueName\":\"search_term_string\"}}],\"inLanguage\":\"fr-FR\"},{\"@type\":\"Organization\",\"@id\":\"https:\/\/goldenfield-dz.com\/#organization\",\"name\":\"Golden Field\",\"url\":\"https:\/\/goldenfield-dz.com\/\",\"logo\":{\"@type\":\"ImageObject\",\"inLanguage\":\"fr-FR\",\"@id\":\"https:\/\/goldenfield-dz.com\/#\/schema\/logo\/image\/\",\"url\":\"https:\/\/i0.wp.com\/brilliantartjo.com\/golden\/wp-content\/uploads\/2024\/07\/Golden-Field-Algeria-Logo-11.png?fit=192%2C43&ssl=1\",\"contentUrl\":\"https:\/\/i0.wp.com\/brilliantartjo.com\/golden\/wp-content\/uploads\/2024\/07\/Golden-Field-Algeria-Logo-11.png?fit=192%2C43&ssl=1\",\"width\":192,\"height\":43,\"caption\":\"Golden Field\"},\"image\":{\"@id\":\"https:\/\/goldenfield-dz.com\/#\/schema\/logo\/image\/\"},\"sameAs\":[\"https:\/\/www.facebook.com\/p\/Golden-Field-100057231948438\/\"]}]}<\/script>\n<!-- \/ Yoast SEO plugin. -->","yoast_head_json":{"title":"NAMIBIA F1 - GOLDEN FIELD","robots":{"index":"index","follow":"follow","max-snippet":"max-snippet:-1","max-image-preview":"max-image-preview:large","max-video-preview":"max-video-preview:-1"},"canonical":"https:\/\/goldenfield-dz.com\/fr\/produit\/namibia-f1\/","og_locale":"fr_FR","og_type":"article","og_title":"NAMIBIA F1 - GOLDEN FIELD","og_description":"1. Vari\u00e9t\u00e9 pr\u00e9coce \u00e0 rendement tr\u00e8s \u00e9lev\u00e9.  2. Longues racines cylindriques bien remplis et lisses.  3. feuillage tr\u00e8s sain et fort peut r\u00e9sister \u00e0 des conditions s\u00e8ches et est \u00e9galement recommand\u00e9 pour la culture d'\u00e9t\u00e9.  4. Maturit\u00e9 environ 100 jours apr\u00e8s le semis. Long dur\u00e9e de stockage sous terre ou apr\u00e8s la r\u00e9colte, haute r\u00e9sistance aux maladies.","og_url":"https:\/\/goldenfield-dz.com\/fr\/produit\/namibia-f1\/","og_site_name":"GOLDEN FIELD","article_publisher":"https:\/\/www.facebook.com\/p\/Golden-Field-100057231948438\/","article_modified_time":"2025-03-10T18:06:29+00:00","og_image":[{"width":500,"height":500,"url":"https:\/\/goldenfield-dz.com\/wp-content\/uploads\/2024\/10\/imgg412030.webp","type":"image\/webp"}],"twitter_card":"summary_large_image","schema":{"@context":"https:\/\/schema.org","@graph":[{"@type":"WebPage","@id":"https:\/\/goldenfield-dz.com\/fr\/produit\/namibia-f1\/","url":"https:\/\/goldenfield-dz.com\/fr\/produit\/namibia-f1\/","name":"NAMIBIA F1 - GOLDEN FIELD","isPartOf":{"@id":"https:\/\/goldenfield-dz.com\/#website"},"primaryImageOfPage":{"@id":"https:\/\/goldenfield-dz.com\/fr\/produit\/namibia-f1\/#primaryimage"},"image":{"@id":"https:\/\/goldenfield-dz.com\/fr\/produit\/namibia-f1\/#primaryimage"},"thumbnailUrl":"https:\/\/goldenfield-dz.com\/wp-content\/uploads\/2024\/10\/imgg412030.webp","datePublished":"2024-10-27T08:52:47+00:00","dateModified":"2025-03-10T18:06:29+00:00","breadcrumb":{"@id":"https:\/\/goldenfield-dz.com\/fr\/produit\/namibia-f1\/#breadcrumb"},"inLanguage":"fr-FR","potentialAction":[{"@type":"ReadAction","target":["https:\/\/goldenfield-dz.com\/fr\/produit\/namibia-f1\/"]}]},{"@type":"ImageObject","inLanguage":"fr-FR","@id":"https:\/\/goldenfield-dz.com\/fr\/produit\/namibia-f1\/#primaryimage","url":"https:\/\/goldenfield-dz.com\/wp-content\/uploads\/2024\/10\/imgg412030.webp","contentUrl":"https:\/\/goldenfield-dz.com\/wp-content\/uploads\/2024\/10\/imgg412030.webp","width":500,"height":500},{"@type":"BreadcrumbList","@id":"https:\/\/goldenfield-dz.com\/fr\/produit\/namibia-f1\/#breadcrumb","itemListElement":[{"@type":"ListItem","position":1,"name":"Home","item":"https:\/\/goldenfield-dz.com\/"},{"@type":"ListItem","position":2,"name":"Boutique Golden Field","item":"https:\/\/goldenfield-dz.com\/fr\/boutique-golden-field\/"},{"@type":"ListItem","position":3,"name":"NAMIBIA F1"}]},{"@type":"WebSite","@id":"https:\/\/goldenfield-dz.com\/#website","url":"https:\/\/goldenfield-dz.com\/","name":"Golden Field","description":"WE THINK SEEDS","publisher":{"@id":"https:\/\/goldenfield-dz.com\/#organization"},"potentialAction":[{"@type":"SearchAction","target":{"@type":"EntryPoint","urlTemplate":"https:\/\/goldenfield-dz.com\/?s={search_term_string}"},"query-input":{"@type":"PropertyValueSpecification","valueRequired":true,"valueName":"search_term_string"}}],"inLanguage":"fr-FR"},{"@type":"Organization","@id":"https:\/\/goldenfield-dz.com\/#organization","name":"Golden Field","url":"https:\/\/goldenfield-dz.com\/","logo":{"@type":"ImageObject","inLanguage":"fr-FR","@id":"https:\/\/goldenfield-dz.com\/#\/schema\/logo\/image\/","url":"https:\/\/i0.wp.com\/brilliantartjo.com\/golden\/wp-content\/uploads\/2024\/07\/Golden-Field-Algeria-Logo-11.png?fit=192%2C43&ssl=1","contentUrl":"https:\/\/i0.wp.com\/brilliantartjo.com\/golden\/wp-content\/uploads\/2024\/07\/Golden-Field-Algeria-Logo-11.png?fit=192%2C43&ssl=1","width":192,"height":43,"caption":"Golden Field"},"image":{"@id":"https:\/\/goldenfield-dz.com\/#\/schema\/logo\/image\/"},"sameAs":["https:\/\/www.facebook.com\/p\/Golden-Field-100057231948438\/"]}]}},"_links":{"self":[{"href":"https:\/\/goldenfield-dz.com\/fr\/wp-json\/wp\/v2\/product\/3224","targetHints":{"allow":["GET"]}}],"collection":[{"href":"https:\/\/goldenfield-dz.com\/fr\/wp-json\/wp\/v2\/product"}],"about":[{"href":"https:\/\/goldenfield-dz.com\/fr\/wp-json\/wp\/v2\/types\/product"}],"replies":[{"embeddable":true,"href":"https:\/\/goldenfield-dz.com\/fr\/wp-json\/wp\/v2\/comments?post=3224"}],"version-history":[{"count":1,"href":"https:\/\/goldenfield-dz.com\/fr\/wp-json\/wp\/v2\/product\/3224\/revisions"}],"predecessor-version":[{"id":5038,"href":"https:\/\/goldenfield-dz.com\/fr\/wp-json\/wp\/v2\/product\/3224\/revisions\/5038"}],"wp:featuredmedia":[{"embeddable":true,"href":"https:\/\/goldenfield-dz.com\/fr\/wp-json\/wp\/v2\/media\/5036"}],"wp:attachment":[{"href":"https:\/\/goldenfield-dz.com\/fr\/wp-json\/wp\/v2\/media?parent=3224"}],"wp:term":[{"taxonomy":"product_brand","embeddable":true,"href":"https:\/\/goldenfield-dz.com\/fr\/wp-json\/wp\/v2\/product_brand?post=3224"},{"taxonomy":"product_cat","embeddable":true,"href":"https:\/\/goldenfield-dz.com\/fr\/wp-json\/wp\/v2\/product_cat?post=3224"},{"taxonomy":"product_tag","embeddable":true,"href":"https:\/\/goldenfield-dz.com\/fr\/wp-json\/wp\/v2\/product_tag?post=3224"}],"curies":[{"name":"wp","href":"https:\/\/api.w.org\/{rel}","templated":true}]}}