{"id":3276,"date":"2024-10-27T16:32:54","date_gmt":"2024-10-27T13:32:54","guid":{"rendered":"https:\/\/goldenfield-dz.com\/product\/costa-f1\/"},"modified":"2025-03-12T02:39:15","modified_gmt":"2025-03-11T23:39:15","slug":"costa-f1","status":"publish","type":"product","link":"https:\/\/goldenfield-dz.com\/fr\/produit\/costa-f1\/","title":{"rendered":"COSTA F1"},"content":{"rendered":"\t\t<div data-elementor-type=\"wp-post\" data-elementor-id=\"3276\" class=\"elementor elementor-3276 elementor-2831\">\n\t\t\t\t<div class=\"wd-negative-gap elementor-element elementor-element-8da9c6f e-flex e-con-boxed e-con e-parent\" data-id=\"8da9c6f\" data-element_type=\"container\">\n\t\t\t\t\t<div class=\"e-con-inner\">\n\t\t\t\t\t<\/div>\n\t\t\t\t<\/div>\n\t\t\t\t<\/div>\n\t\t","protected":false},"excerpt":{"rendered":"<p>1. Plante moyennement vigoureuse. Vari\u00e9t\u00e9 pr\u00e9coce.<\/p>\n<p>2. Fruit de forme ovale avec de jolis stries, un poids de 14-18 kg.<\/p>\n<p>3. Belle chair de couleur rouge fonc\u00e9 sucr\u00e9e et croustillante, la cro\u00fbte ferme de couleur vert fonc\u00e9 et vert clair.<\/p>\n<p>4. Tr\u00e8s bonne capacit\u00e9 de r\u00e9tention sur le terrain et peut conserver la qualit\u00e9 pendant de longues p\u00e9riodes de transport.<\/p>\n<p>5. Vari\u00e9t\u00e9 tol\u00e9rante au Fusarium.<\/p>\n","protected":false},"featured_media":5096,"comment_status":"open","ping_status":"closed","template":"","meta":[],"product_brand":[],"product_cat":[1097,408,457,407],"product_tag":[],"class_list":{"0":"post-3276","1":"product","2":"type-product","3":"status-publish","4":"has-post-thumbnail","6":"product_cat-crimson-fr","7":"product_cat-cultures-maraicheres","8":"product_cat-pasteque","9":"product_cat-semence","11":"first","12":"instock","13":"shipping-taxable","14":"product-type-simple"},"yoast_head":"<!-- This site is optimized with the Yoast SEO plugin v26.3 - https:\/\/yoast.com\/wordpress\/plugins\/seo\/ -->\n<title>COSTA F1 - GOLDEN FIELD<\/title>\n<meta name=\"robots\" content=\"index, follow, max-snippet:-1, max-image-preview:large, max-video-preview:-1\" \/>\n<link rel=\"canonical\" href=\"https:\/\/goldenfield-dz.com\/fr\/produit\/costa-f1\/\" \/>\n<meta property=\"og:locale\" content=\"fr_FR\" \/>\n<meta property=\"og:type\" content=\"article\" \/>\n<meta property=\"og:title\" content=\"COSTA F1 - GOLDEN FIELD\" \/>\n<meta property=\"og:description\" content=\"1. Plante moyennement vigoureuse. Vari\u00e9t\u00e9 pr\u00e9coce.  2. Fruit de forme ovale avec de jolis stries, un poids de 14-18 kg.  3. Belle chair de couleur rouge fonc\u00e9 sucr\u00e9e et croustillante, la cro\u00fbte ferme de couleur vert fonc\u00e9 et vert clair.  4. Tr\u00e8s bonne capacit\u00e9 de r\u00e9tention sur le terrain et peut conserver la qualit\u00e9 pendant de longues p\u00e9riodes de transport.  5. Vari\u00e9t\u00e9 tol\u00e9rante au Fusarium.\" \/>\n<meta property=\"og:url\" content=\"https:\/\/goldenfield-dz.com\/fr\/produit\/costa-f1\/\" \/>\n<meta property=\"og:site_name\" content=\"GOLDEN FIELD\" \/>\n<meta property=\"article:publisher\" content=\"https:\/\/www.facebook.com\/p\/Golden-Field-100057231948438\/\" \/>\n<meta property=\"article:modified_time\" content=\"2025-03-11T23:39:15+00:00\" \/>\n<meta property=\"og:image\" content=\"https:\/\/goldenfield-dz.com\/wp-content\/uploads\/2024\/10\/Golden-Template17810.webp\" \/>\n\t<meta property=\"og:image:width\" content=\"500\" \/>\n\t<meta property=\"og:image:height\" content=\"500\" \/>\n\t<meta property=\"og:image:type\" content=\"image\/webp\" \/>\n<meta name=\"twitter:card\" content=\"summary_large_image\" \/>\n<script type=\"application\/ld+json\" class=\"yoast-schema-graph\">{\"@context\":\"https:\/\/schema.org\",\"@graph\":[{\"@type\":\"WebPage\",\"@id\":\"https:\/\/goldenfield-dz.com\/fr\/produit\/costa-f1\/\",\"url\":\"https:\/\/goldenfield-dz.com\/fr\/produit\/costa-f1\/\",\"name\":\"COSTA F1 - GOLDEN FIELD\",\"isPartOf\":{\"@id\":\"https:\/\/goldenfield-dz.com\/#website\"},\"primaryImageOfPage\":{\"@id\":\"https:\/\/goldenfield-dz.com\/fr\/produit\/costa-f1\/#primaryimage\"},\"image\":{\"@id\":\"https:\/\/goldenfield-dz.com\/fr\/produit\/costa-f1\/#primaryimage\"},\"thumbnailUrl\":\"https:\/\/goldenfield-dz.com\/wp-content\/uploads\/2024\/10\/Golden-Template17810.webp\",\"datePublished\":\"2024-10-27T13:32:54+00:00\",\"dateModified\":\"2025-03-11T23:39:15+00:00\",\"breadcrumb\":{\"@id\":\"https:\/\/goldenfield-dz.com\/fr\/produit\/costa-f1\/#breadcrumb\"},\"inLanguage\":\"fr-FR\",\"potentialAction\":[{\"@type\":\"ReadAction\",\"target\":[\"https:\/\/goldenfield-dz.com\/fr\/produit\/costa-f1\/\"]}]},{\"@type\":\"ImageObject\",\"inLanguage\":\"fr-FR\",\"@id\":\"https:\/\/goldenfield-dz.com\/fr\/produit\/costa-f1\/#primaryimage\",\"url\":\"https:\/\/goldenfield-dz.com\/wp-content\/uploads\/2024\/10\/Golden-Template17810.webp\",\"contentUrl\":\"https:\/\/goldenfield-dz.com\/wp-content\/uploads\/2024\/10\/Golden-Template17810.webp\",\"width\":500,\"height\":500},{\"@type\":\"BreadcrumbList\",\"@id\":\"https:\/\/goldenfield-dz.com\/fr\/produit\/costa-f1\/#breadcrumb\",\"itemListElement\":[{\"@type\":\"ListItem\",\"position\":1,\"name\":\"Home\",\"item\":\"https:\/\/goldenfield-dz.com\/\"},{\"@type\":\"ListItem\",\"position\":2,\"name\":\"Boutique Golden Field\",\"item\":\"https:\/\/goldenfield-dz.com\/fr\/boutique-golden-field\/\"},{\"@type\":\"ListItem\",\"position\":3,\"name\":\"COSTA F1\"}]},{\"@type\":\"WebSite\",\"@id\":\"https:\/\/goldenfield-dz.com\/#website\",\"url\":\"https:\/\/goldenfield-dz.com\/\",\"name\":\"Golden Field\",\"description\":\"WE THINK SEEDS\",\"publisher\":{\"@id\":\"https:\/\/goldenfield-dz.com\/#organization\"},\"potentialAction\":[{\"@type\":\"SearchAction\",\"target\":{\"@type\":\"EntryPoint\",\"urlTemplate\":\"https:\/\/goldenfield-dz.com\/?s={search_term_string}\"},\"query-input\":{\"@type\":\"PropertyValueSpecification\",\"valueRequired\":true,\"valueName\":\"search_term_string\"}}],\"inLanguage\":\"fr-FR\"},{\"@type\":\"Organization\",\"@id\":\"https:\/\/goldenfield-dz.com\/#organization\",\"name\":\"Golden Field\",\"url\":\"https:\/\/goldenfield-dz.com\/\",\"logo\":{\"@type\":\"ImageObject\",\"inLanguage\":\"fr-FR\",\"@id\":\"https:\/\/goldenfield-dz.com\/#\/schema\/logo\/image\/\",\"url\":\"https:\/\/i0.wp.com\/brilliantartjo.com\/golden\/wp-content\/uploads\/2024\/07\/Golden-Field-Algeria-Logo-11.png?fit=192%2C43&ssl=1\",\"contentUrl\":\"https:\/\/i0.wp.com\/brilliantartjo.com\/golden\/wp-content\/uploads\/2024\/07\/Golden-Field-Algeria-Logo-11.png?fit=192%2C43&ssl=1\",\"width\":192,\"height\":43,\"caption\":\"Golden Field\"},\"image\":{\"@id\":\"https:\/\/goldenfield-dz.com\/#\/schema\/logo\/image\/\"},\"sameAs\":[\"https:\/\/www.facebook.com\/p\/Golden-Field-100057231948438\/\"]}]}<\/script>\n<!-- \/ Yoast SEO plugin. -->","yoast_head_json":{"title":"COSTA F1 - GOLDEN FIELD","robots":{"index":"index","follow":"follow","max-snippet":"max-snippet:-1","max-image-preview":"max-image-preview:large","max-video-preview":"max-video-preview:-1"},"canonical":"https:\/\/goldenfield-dz.com\/fr\/produit\/costa-f1\/","og_locale":"fr_FR","og_type":"article","og_title":"COSTA F1 - GOLDEN FIELD","og_description":"1. Plante moyennement vigoureuse. Vari\u00e9t\u00e9 pr\u00e9coce.  2. Fruit de forme ovale avec de jolis stries, un poids de 14-18 kg.  3. Belle chair de couleur rouge fonc\u00e9 sucr\u00e9e et croustillante, la cro\u00fbte ferme de couleur vert fonc\u00e9 et vert clair.  4. Tr\u00e8s bonne capacit\u00e9 de r\u00e9tention sur le terrain et peut conserver la qualit\u00e9 pendant de longues p\u00e9riodes de transport.  5. Vari\u00e9t\u00e9 tol\u00e9rante au Fusarium.","og_url":"https:\/\/goldenfield-dz.com\/fr\/produit\/costa-f1\/","og_site_name":"GOLDEN FIELD","article_publisher":"https:\/\/www.facebook.com\/p\/Golden-Field-100057231948438\/","article_modified_time":"2025-03-11T23:39:15+00:00","og_image":[{"width":500,"height":500,"url":"https:\/\/goldenfield-dz.com\/wp-content\/uploads\/2024\/10\/Golden-Template17810.webp","type":"image\/webp"}],"twitter_card":"summary_large_image","schema":{"@context":"https:\/\/schema.org","@graph":[{"@type":"WebPage","@id":"https:\/\/goldenfield-dz.com\/fr\/produit\/costa-f1\/","url":"https:\/\/goldenfield-dz.com\/fr\/produit\/costa-f1\/","name":"COSTA F1 - GOLDEN FIELD","isPartOf":{"@id":"https:\/\/goldenfield-dz.com\/#website"},"primaryImageOfPage":{"@id":"https:\/\/goldenfield-dz.com\/fr\/produit\/costa-f1\/#primaryimage"},"image":{"@id":"https:\/\/goldenfield-dz.com\/fr\/produit\/costa-f1\/#primaryimage"},"thumbnailUrl":"https:\/\/goldenfield-dz.com\/wp-content\/uploads\/2024\/10\/Golden-Template17810.webp","datePublished":"2024-10-27T13:32:54+00:00","dateModified":"2025-03-11T23:39:15+00:00","breadcrumb":{"@id":"https:\/\/goldenfield-dz.com\/fr\/produit\/costa-f1\/#breadcrumb"},"inLanguage":"fr-FR","potentialAction":[{"@type":"ReadAction","target":["https:\/\/goldenfield-dz.com\/fr\/produit\/costa-f1\/"]}]},{"@type":"ImageObject","inLanguage":"fr-FR","@id":"https:\/\/goldenfield-dz.com\/fr\/produit\/costa-f1\/#primaryimage","url":"https:\/\/goldenfield-dz.com\/wp-content\/uploads\/2024\/10\/Golden-Template17810.webp","contentUrl":"https:\/\/goldenfield-dz.com\/wp-content\/uploads\/2024\/10\/Golden-Template17810.webp","width":500,"height":500},{"@type":"BreadcrumbList","@id":"https:\/\/goldenfield-dz.com\/fr\/produit\/costa-f1\/#breadcrumb","itemListElement":[{"@type":"ListItem","position":1,"name":"Home","item":"https:\/\/goldenfield-dz.com\/"},{"@type":"ListItem","position":2,"name":"Boutique Golden Field","item":"https:\/\/goldenfield-dz.com\/fr\/boutique-golden-field\/"},{"@type":"ListItem","position":3,"name":"COSTA F1"}]},{"@type":"WebSite","@id":"https:\/\/goldenfield-dz.com\/#website","url":"https:\/\/goldenfield-dz.com\/","name":"Golden Field","description":"WE THINK SEEDS","publisher":{"@id":"https:\/\/goldenfield-dz.com\/#organization"},"potentialAction":[{"@type":"SearchAction","target":{"@type":"EntryPoint","urlTemplate":"https:\/\/goldenfield-dz.com\/?s={search_term_string}"},"query-input":{"@type":"PropertyValueSpecification","valueRequired":true,"valueName":"search_term_string"}}],"inLanguage":"fr-FR"},{"@type":"Organization","@id":"https:\/\/goldenfield-dz.com\/#organization","name":"Golden Field","url":"https:\/\/goldenfield-dz.com\/","logo":{"@type":"ImageObject","inLanguage":"fr-FR","@id":"https:\/\/goldenfield-dz.com\/#\/schema\/logo\/image\/","url":"https:\/\/i0.wp.com\/brilliantartjo.com\/golden\/wp-content\/uploads\/2024\/07\/Golden-Field-Algeria-Logo-11.png?fit=192%2C43&ssl=1","contentUrl":"https:\/\/i0.wp.com\/brilliantartjo.com\/golden\/wp-content\/uploads\/2024\/07\/Golden-Field-Algeria-Logo-11.png?fit=192%2C43&ssl=1","width":192,"height":43,"caption":"Golden Field"},"image":{"@id":"https:\/\/goldenfield-dz.com\/#\/schema\/logo\/image\/"},"sameAs":["https:\/\/www.facebook.com\/p\/Golden-Field-100057231948438\/"]}]}},"_links":{"self":[{"href":"https:\/\/goldenfield-dz.com\/fr\/wp-json\/wp\/v2\/product\/3276","targetHints":{"allow":["GET"]}}],"collection":[{"href":"https:\/\/goldenfield-dz.com\/fr\/wp-json\/wp\/v2\/product"}],"about":[{"href":"https:\/\/goldenfield-dz.com\/fr\/wp-json\/wp\/v2\/types\/product"}],"replies":[{"embeddable":true,"href":"https:\/\/goldenfield-dz.com\/fr\/wp-json\/wp\/v2\/comments?post=3276"}],"version-history":[{"count":1,"href":"https:\/\/goldenfield-dz.com\/fr\/wp-json\/wp\/v2\/product\/3276\/revisions"}],"predecessor-version":[{"id":5097,"href":"https:\/\/goldenfield-dz.com\/fr\/wp-json\/wp\/v2\/product\/3276\/revisions\/5097"}],"wp:featuredmedia":[{"embeddable":true,"href":"https:\/\/goldenfield-dz.com\/fr\/wp-json\/wp\/v2\/media\/5096"}],"wp:attachment":[{"href":"https:\/\/goldenfield-dz.com\/fr\/wp-json\/wp\/v2\/media?parent=3276"}],"wp:term":[{"taxonomy":"product_brand","embeddable":true,"href":"https:\/\/goldenfield-dz.com\/fr\/wp-json\/wp\/v2\/product_brand?post=3276"},{"taxonomy":"product_cat","embeddable":true,"href":"https:\/\/goldenfield-dz.com\/fr\/wp-json\/wp\/v2\/product_cat?post=3276"},{"taxonomy":"product_tag","embeddable":true,"href":"https:\/\/goldenfield-dz.com\/fr\/wp-json\/wp\/v2\/product_tag?post=3276"}],"curies":[{"name":"wp","href":"https:\/\/api.w.org\/{rel}","templated":true}]}}