{"id":3326,"date":"2024-10-27T13:08:53","date_gmt":"2024-10-27T10:08:53","guid":{"rendered":"https:\/\/goldenfield-dz.com\/product\/shumi\/"},"modified":"2025-03-10T21:24:19","modified_gmt":"2025-03-10T18:24:19","slug":"shumi","status":"publish","type":"product","link":"https:\/\/goldenfield-dz.com\/fr\/produit\/shumi\/","title":{"rendered":"SHUMI"},"content":{"rendered":"\t\t<div data-elementor-type=\"wp-post\" data-elementor-id=\"3326\" class=\"elementor elementor-3326 elementor-2701\">\n\t\t\t\t<div class=\"wd-negative-gap elementor-element elementor-element-8da9c6f e-flex e-con-boxed e-con e-parent\" data-id=\"8da9c6f\" data-element_type=\"container\">\n\t\t\t\t\t<div class=\"e-con-inner\">\n\t\t\t\t\t<\/div>\n\t\t\t\t<\/div>\n\t\t\t\t<\/div>\n\t\t","protected":false},"excerpt":{"rendered":"<p>1. Haricot nain avec une plante vigoureuse, un feuillage vert fonc\u00e9 et une posture droite, uniforme, d&rsquo;environ 15 \u00e0 16 cm de long (7 grains) et ont une excellente couleur rouge fonc\u00e9 qui se maintient pendant la p\u00e9riode chaude.<\/p>\n<p>2. Le grain a une forme arrondie, un fond clair et des stries rouges bien marqu\u00e9es.<\/p>\n<p>3. Schumi convient \u00e0 la culture en plein champ, \u00e0 la r\u00e9colte manuelle. R\u00e9sistance : (HR) BCMV (Bean commonmosaic).<\/p>\n","protected":false},"featured_media":4994,"comment_status":"open","ping_status":"closed","template":"","meta":[],"product_brand":[],"product_cat":[434,435,864,407],"product_tag":[],"class_list":{"0":"post-3326","1":"product","2":"type-product","3":"status-publish","4":"has-post-thumbnail","6":"product_cat-grandes-cultures","7":"product_cat-haricot","8":"product_cat-betterave-rouge-fr","9":"product_cat-semence","11":"first","12":"instock","13":"shipping-taxable","14":"product-type-simple"},"yoast_head":"<!-- This site is optimized with the Yoast SEO plugin v26.3 - https:\/\/yoast.com\/wordpress\/plugins\/seo\/ -->\n<title>SHUMI - GOLDEN FIELD<\/title>\n<meta name=\"robots\" content=\"index, follow, max-snippet:-1, max-image-preview:large, max-video-preview:-1\" \/>\n<link rel=\"canonical\" href=\"https:\/\/goldenfield-dz.com\/fr\/produit\/shumi\/\" \/>\n<meta property=\"og:locale\" content=\"fr_FR\" \/>\n<meta property=\"og:type\" content=\"article\" \/>\n<meta property=\"og:title\" content=\"SHUMI - GOLDEN FIELD\" \/>\n<meta property=\"og:description\" content=\"1. Haricot nain avec une plante vigoureuse, un feuillage vert fonc\u00e9 et une posture droite, uniforme, d&#039;environ 15 \u00e0 16 cm de long (7 grains) et ont une excellente couleur rouge fonc\u00e9 qui se maintient pendant la p\u00e9riode chaude.  2. Le grain a une forme arrondie, un fond clair et des stries rouges bien marqu\u00e9es.  3. Schumi convient \u00e0 la culture en plein champ, \u00e0 la r\u00e9colte manuelle. R\u00e9sistance : (HR) BCMV (Bean commonmosaic).\" \/>\n<meta property=\"og:url\" content=\"https:\/\/goldenfield-dz.com\/fr\/produit\/shumi\/\" \/>\n<meta property=\"og:site_name\" content=\"GOLDEN FIELD\" \/>\n<meta property=\"article:publisher\" content=\"https:\/\/www.facebook.com\/p\/Golden-Field-100057231948438\/\" \/>\n<meta property=\"article:modified_time\" content=\"2025-03-10T18:24:19+00:00\" \/>\n<meta property=\"og:image\" content=\"https:\/\/goldenfield-dz.com\/wp-content\/uploads\/2024\/10\/SCHUMI.webp\" \/>\n\t<meta property=\"og:image:width\" content=\"500\" \/>\n\t<meta property=\"og:image:height\" content=\"500\" \/>\n\t<meta property=\"og:image:type\" content=\"image\/webp\" \/>\n<meta name=\"twitter:card\" content=\"summary_large_image\" \/>\n<script type=\"application\/ld+json\" class=\"yoast-schema-graph\">{\"@context\":\"https:\/\/schema.org\",\"@graph\":[{\"@type\":\"WebPage\",\"@id\":\"https:\/\/goldenfield-dz.com\/fr\/produit\/shumi\/\",\"url\":\"https:\/\/goldenfield-dz.com\/fr\/produit\/shumi\/\",\"name\":\"SHUMI - GOLDEN FIELD\",\"isPartOf\":{\"@id\":\"https:\/\/goldenfield-dz.com\/#website\"},\"primaryImageOfPage\":{\"@id\":\"https:\/\/goldenfield-dz.com\/fr\/produit\/shumi\/#primaryimage\"},\"image\":{\"@id\":\"https:\/\/goldenfield-dz.com\/fr\/produit\/shumi\/#primaryimage\"},\"thumbnailUrl\":\"https:\/\/goldenfield-dz.com\/wp-content\/uploads\/2024\/10\/SCHUMI.webp\",\"datePublished\":\"2024-10-27T10:08:53+00:00\",\"dateModified\":\"2025-03-10T18:24:19+00:00\",\"breadcrumb\":{\"@id\":\"https:\/\/goldenfield-dz.com\/fr\/produit\/shumi\/#breadcrumb\"},\"inLanguage\":\"fr-FR\",\"potentialAction\":[{\"@type\":\"ReadAction\",\"target\":[\"https:\/\/goldenfield-dz.com\/fr\/produit\/shumi\/\"]}]},{\"@type\":\"ImageObject\",\"inLanguage\":\"fr-FR\",\"@id\":\"https:\/\/goldenfield-dz.com\/fr\/produit\/shumi\/#primaryimage\",\"url\":\"https:\/\/goldenfield-dz.com\/wp-content\/uploads\/2024\/10\/SCHUMI.webp\",\"contentUrl\":\"https:\/\/goldenfield-dz.com\/wp-content\/uploads\/2024\/10\/SCHUMI.webp\",\"width\":500,\"height\":500},{\"@type\":\"BreadcrumbList\",\"@id\":\"https:\/\/goldenfield-dz.com\/fr\/produit\/shumi\/#breadcrumb\",\"itemListElement\":[{\"@type\":\"ListItem\",\"position\":1,\"name\":\"Home\",\"item\":\"https:\/\/goldenfield-dz.com\/\"},{\"@type\":\"ListItem\",\"position\":2,\"name\":\"Boutique Golden Field\",\"item\":\"https:\/\/goldenfield-dz.com\/fr\/boutique-golden-field\/\"},{\"@type\":\"ListItem\",\"position\":3,\"name\":\"SHUMI\"}]},{\"@type\":\"WebSite\",\"@id\":\"https:\/\/goldenfield-dz.com\/#website\",\"url\":\"https:\/\/goldenfield-dz.com\/\",\"name\":\"Golden Field\",\"description\":\"WE THINK SEEDS\",\"publisher\":{\"@id\":\"https:\/\/goldenfield-dz.com\/#organization\"},\"potentialAction\":[{\"@type\":\"SearchAction\",\"target\":{\"@type\":\"EntryPoint\",\"urlTemplate\":\"https:\/\/goldenfield-dz.com\/?s={search_term_string}\"},\"query-input\":{\"@type\":\"PropertyValueSpecification\",\"valueRequired\":true,\"valueName\":\"search_term_string\"}}],\"inLanguage\":\"fr-FR\"},{\"@type\":\"Organization\",\"@id\":\"https:\/\/goldenfield-dz.com\/#organization\",\"name\":\"Golden Field\",\"url\":\"https:\/\/goldenfield-dz.com\/\",\"logo\":{\"@type\":\"ImageObject\",\"inLanguage\":\"fr-FR\",\"@id\":\"https:\/\/goldenfield-dz.com\/#\/schema\/logo\/image\/\",\"url\":\"https:\/\/i0.wp.com\/brilliantartjo.com\/golden\/wp-content\/uploads\/2024\/07\/Golden-Field-Algeria-Logo-11.png?fit=192%2C43&ssl=1\",\"contentUrl\":\"https:\/\/i0.wp.com\/brilliantartjo.com\/golden\/wp-content\/uploads\/2024\/07\/Golden-Field-Algeria-Logo-11.png?fit=192%2C43&ssl=1\",\"width\":192,\"height\":43,\"caption\":\"Golden Field\"},\"image\":{\"@id\":\"https:\/\/goldenfield-dz.com\/#\/schema\/logo\/image\/\"},\"sameAs\":[\"https:\/\/www.facebook.com\/p\/Golden-Field-100057231948438\/\"]}]}<\/script>\n<!-- \/ Yoast SEO plugin. -->","yoast_head_json":{"title":"SHUMI - GOLDEN FIELD","robots":{"index":"index","follow":"follow","max-snippet":"max-snippet:-1","max-image-preview":"max-image-preview:large","max-video-preview":"max-video-preview:-1"},"canonical":"https:\/\/goldenfield-dz.com\/fr\/produit\/shumi\/","og_locale":"fr_FR","og_type":"article","og_title":"SHUMI - GOLDEN FIELD","og_description":"1. Haricot nain avec une plante vigoureuse, un feuillage vert fonc\u00e9 et une posture droite, uniforme, d'environ 15 \u00e0 16 cm de long (7 grains) et ont une excellente couleur rouge fonc\u00e9 qui se maintient pendant la p\u00e9riode chaude.  2. Le grain a une forme arrondie, un fond clair et des stries rouges bien marqu\u00e9es.  3. Schumi convient \u00e0 la culture en plein champ, \u00e0 la r\u00e9colte manuelle. R\u00e9sistance : (HR) BCMV (Bean commonmosaic).","og_url":"https:\/\/goldenfield-dz.com\/fr\/produit\/shumi\/","og_site_name":"GOLDEN FIELD","article_publisher":"https:\/\/www.facebook.com\/p\/Golden-Field-100057231948438\/","article_modified_time":"2025-03-10T18:24:19+00:00","og_image":[{"width":500,"height":500,"url":"https:\/\/goldenfield-dz.com\/wp-content\/uploads\/2024\/10\/SCHUMI.webp","type":"image\/webp"}],"twitter_card":"summary_large_image","schema":{"@context":"https:\/\/schema.org","@graph":[{"@type":"WebPage","@id":"https:\/\/goldenfield-dz.com\/fr\/produit\/shumi\/","url":"https:\/\/goldenfield-dz.com\/fr\/produit\/shumi\/","name":"SHUMI - GOLDEN FIELD","isPartOf":{"@id":"https:\/\/goldenfield-dz.com\/#website"},"primaryImageOfPage":{"@id":"https:\/\/goldenfield-dz.com\/fr\/produit\/shumi\/#primaryimage"},"image":{"@id":"https:\/\/goldenfield-dz.com\/fr\/produit\/shumi\/#primaryimage"},"thumbnailUrl":"https:\/\/goldenfield-dz.com\/wp-content\/uploads\/2024\/10\/SCHUMI.webp","datePublished":"2024-10-27T10:08:53+00:00","dateModified":"2025-03-10T18:24:19+00:00","breadcrumb":{"@id":"https:\/\/goldenfield-dz.com\/fr\/produit\/shumi\/#breadcrumb"},"inLanguage":"fr-FR","potentialAction":[{"@type":"ReadAction","target":["https:\/\/goldenfield-dz.com\/fr\/produit\/shumi\/"]}]},{"@type":"ImageObject","inLanguage":"fr-FR","@id":"https:\/\/goldenfield-dz.com\/fr\/produit\/shumi\/#primaryimage","url":"https:\/\/goldenfield-dz.com\/wp-content\/uploads\/2024\/10\/SCHUMI.webp","contentUrl":"https:\/\/goldenfield-dz.com\/wp-content\/uploads\/2024\/10\/SCHUMI.webp","width":500,"height":500},{"@type":"BreadcrumbList","@id":"https:\/\/goldenfield-dz.com\/fr\/produit\/shumi\/#breadcrumb","itemListElement":[{"@type":"ListItem","position":1,"name":"Home","item":"https:\/\/goldenfield-dz.com\/"},{"@type":"ListItem","position":2,"name":"Boutique Golden Field","item":"https:\/\/goldenfield-dz.com\/fr\/boutique-golden-field\/"},{"@type":"ListItem","position":3,"name":"SHUMI"}]},{"@type":"WebSite","@id":"https:\/\/goldenfield-dz.com\/#website","url":"https:\/\/goldenfield-dz.com\/","name":"Golden Field","description":"WE THINK SEEDS","publisher":{"@id":"https:\/\/goldenfield-dz.com\/#organization"},"potentialAction":[{"@type":"SearchAction","target":{"@type":"EntryPoint","urlTemplate":"https:\/\/goldenfield-dz.com\/?s={search_term_string}"},"query-input":{"@type":"PropertyValueSpecification","valueRequired":true,"valueName":"search_term_string"}}],"inLanguage":"fr-FR"},{"@type":"Organization","@id":"https:\/\/goldenfield-dz.com\/#organization","name":"Golden Field","url":"https:\/\/goldenfield-dz.com\/","logo":{"@type":"ImageObject","inLanguage":"fr-FR","@id":"https:\/\/goldenfield-dz.com\/#\/schema\/logo\/image\/","url":"https:\/\/i0.wp.com\/brilliantartjo.com\/golden\/wp-content\/uploads\/2024\/07\/Golden-Field-Algeria-Logo-11.png?fit=192%2C43&ssl=1","contentUrl":"https:\/\/i0.wp.com\/brilliantartjo.com\/golden\/wp-content\/uploads\/2024\/07\/Golden-Field-Algeria-Logo-11.png?fit=192%2C43&ssl=1","width":192,"height":43,"caption":"Golden Field"},"image":{"@id":"https:\/\/goldenfield-dz.com\/#\/schema\/logo\/image\/"},"sameAs":["https:\/\/www.facebook.com\/p\/Golden-Field-100057231948438\/"]}]}},"_links":{"self":[{"href":"https:\/\/goldenfield-dz.com\/fr\/wp-json\/wp\/v2\/product\/3326","targetHints":{"allow":["GET"]}}],"collection":[{"href":"https:\/\/goldenfield-dz.com\/fr\/wp-json\/wp\/v2\/product"}],"about":[{"href":"https:\/\/goldenfield-dz.com\/fr\/wp-json\/wp\/v2\/types\/product"}],"replies":[{"embeddable":true,"href":"https:\/\/goldenfield-dz.com\/fr\/wp-json\/wp\/v2\/comments?post=3326"}],"version-history":[{"count":1,"href":"https:\/\/goldenfield-dz.com\/fr\/wp-json\/wp\/v2\/product\/3326\/revisions"}],"predecessor-version":[{"id":5050,"href":"https:\/\/goldenfield-dz.com\/fr\/wp-json\/wp\/v2\/product\/3326\/revisions\/5050"}],"wp:featuredmedia":[{"embeddable":true,"href":"https:\/\/goldenfield-dz.com\/fr\/wp-json\/wp\/v2\/media\/4994"}],"wp:attachment":[{"href":"https:\/\/goldenfield-dz.com\/fr\/wp-json\/wp\/v2\/media?parent=3326"}],"wp:term":[{"taxonomy":"product_brand","embeddable":true,"href":"https:\/\/goldenfield-dz.com\/fr\/wp-json\/wp\/v2\/product_brand?post=3326"},{"taxonomy":"product_cat","embeddable":true,"href":"https:\/\/goldenfield-dz.com\/fr\/wp-json\/wp\/v2\/product_cat?post=3326"},{"taxonomy":"product_tag","embeddable":true,"href":"https:\/\/goldenfield-dz.com\/fr\/wp-json\/wp\/v2\/product_tag?post=3326"}],"curies":[{"name":"wp","href":"https:\/\/api.w.org\/{rel}","templated":true}]}}